{"id":328,"date":"2021-05-08T10:58:23","date_gmt":"2021-05-08T10:58:23","guid":{"rendered":"https:\/\/afilbages.com\/?page_id=328"},"modified":"2026-04-08T14:25:19","modified_gmt":"2026-04-08T14:25:19","slug":"nosotros","status":"publish","type":"page","link":"https:\/\/afilbages.com\/es\/nosotros\/","title":{"rendered":"Nosotros"},"content":{"rendered":"\t\t<div data-elementor-type=\"wp-page\" data-elementor-id=\"328\" class=\"elementor elementor-328\" data-elementor-post-type=\"page\">\n\t\t\t\t<div class=\"elementor-element elementor-element-11ca89b e-con-full e-flex e-con e-parent\" data-id=\"11ca89b\" data-element_type=\"container\" data-e-type=\"container\" data-settings=\"{&quot;background_background&quot;:&quot;classic&quot;}\">\n\t\t<div class=\"elementor-element elementor-element-2437a3c e-con-full e-flex e-con e-child\" data-id=\"2437a3c\" data-element_type=\"container\" data-e-type=\"container\">\n\t\t\t\t<div class=\"elementor-element elementor-element-6ee630b elementor-widget elementor-widget-heading\" data-id=\"6ee630b\" data-element_type=\"widget\" data-e-type=\"widget\" data-widget_type=\"heading.default\">\n\t\t\t\t<div class=\"elementor-widget-container\">\n\t\t\t\t\t<h1 class=\"elementor-heading-title elementor-size-default\">Nosotros<\/h1>\t\t\t\t<\/div>\n\t\t\t\t<\/div>\n\t\t\t\t<div class=\"elementor-element elementor-element-2527c4d elementor-widget-divider--view-line elementor-widget elementor-widget-divider\" data-id=\"2527c4d\" data-element_type=\"widget\" data-e-type=\"widget\" data-widget_type=\"divider.default\">\n\t\t\t\t<div class=\"elementor-widget-container\">\n\t\t\t\t\t\t\t<div class=\"elementor-divider\">\n\t\t\t<span class=\"elementor-divider-separator\">\n\t\t\t\t\t\t<\/span>\n\t\t<\/div>\n\t\t\t\t\t\t<\/div>\n\t\t\t\t<\/div>\n\t\t\t\t<\/div>\n\t\t\t\t<\/div>\n\t\t<div class=\"elementor-element elementor-element-ec0a0f1 e-con-full e-flex e-con e-parent\" data-id=\"ec0a0f1\" data-element_type=\"container\" data-e-type=\"container\" data-settings=\"{&quot;background_background&quot;:&quot;classic&quot;}\">\n\t\t<div class=\"elementor-element elementor-element-5491b89 e-con-full e-flex e-con e-child\" data-id=\"5491b89\" data-element_type=\"container\" data-e-type=\"container\" data-settings=\"{&quot;background_background&quot;:&quot;classic&quot;}\">\n\t\t\t\t<div class=\"elementor-element elementor-element-c667e36 elementor-widget elementor-widget-heading\" data-id=\"c667e36\" data-element_type=\"widget\" data-e-type=\"widget\" data-widget_type=\"heading.default\">\n\t\t\t\t<div class=\"elementor-widget-container\">\n\t\t\t\t\t<h2 class=\"elementor-heading-title elementor-size-xxl\">En Afilbages S.L. marcamos la diferencia<\/h2>\t\t\t\t<\/div>\n\t\t\t\t<\/div>\n\t\t\t\t<div class=\"elementor-element elementor-element-2214a39 elementor-widget-divider--view-line elementor-widget elementor-widget-divider\" data-id=\"2214a39\" data-element_type=\"widget\" data-e-type=\"widget\" data-widget_type=\"divider.default\">\n\t\t\t\t<div class=\"elementor-widget-container\">\n\t\t\t\t\t\t\t<div class=\"elementor-divider\">\n\t\t\t<span class=\"elementor-divider-separator\">\n\t\t\t\t\t\t<\/span>\n\t\t<\/div>\n\t\t\t\t\t\t<\/div>\n\t\t\t\t<\/div>\n\t\t\t\t<div class=\"elementor-element elementor-element-f74719d elementor-invisible elementor-widget elementor-widget-text-editor\" data-id=\"f74719d\" data-element_type=\"widget\" data-e-type=\"widget\" data-settings=\"{&quot;_animation&quot;:&quot;fadeIn&quot;,&quot;_animation_delay&quot;:300}\" data-widget_type=\"text-editor.default\">\n\t\t\t\t<div class=\"elementor-widget-container\">\n\t\t\t\t\t\t\t\t\t<p>Afilbages\u00a0es una empresa especializada en la fabricaci\u00f3n y afilados de herramientas de corte. Disponemos de maquinaria de nivel tecnol\u00f3gico avanzado, para ofrecer un servicio de m\u00e1xima calidad y precisi\u00f3n en el menor tiempo. Este servicio no ser\u00eda posible sin el gran equipo de profesionales cualificados que forman nuestra empresa.<\/p>\t\t\t\t\t\t\t\t<\/div>\n\t\t\t\t<\/div>\n\t\t\t\t<\/div>\n\t\t\t\t<\/div>\n\t\t<div class=\"elementor-element elementor-element-4c3981a e-con-full e-flex e-con e-parent\" data-id=\"4c3981a\" data-element_type=\"container\" data-e-type=\"container\">\n\t\t<div class=\"elementor-element elementor-element-ab748d6 e-con-full e-flex e-con e-child\" data-id=\"ab748d6\" data-element_type=\"container\" data-e-type=\"container\">\n\t\t<div class=\"elementor-element elementor-element-f990dec e-con-full e-flex e-con e-child\" data-id=\"f990dec\" data-element_type=\"container\" data-e-type=\"container\">\n\t\t\t\t<div class=\"elementor-element elementor-element-e2a5430 elementor-widget elementor-widget-heading\" data-id=\"e2a5430\" data-element_type=\"widget\" data-e-type=\"widget\" data-widget_type=\"heading.default\">\n\t\t\t\t<div class=\"elementor-widget-container\">\n\t\t\t\t\t<h2 class=\"elementor-heading-title elementor-size-default\">Tecnolog\u00eda<\/h2>\t\t\t\t<\/div>\n\t\t\t\t<\/div>\n\t\t\t\t<div class=\"elementor-element elementor-element-4a76742 elementor-widget-divider--view-line elementor-widget elementor-widget-divider\" data-id=\"4a76742\" data-element_type=\"widget\" data-e-type=\"widget\" data-widget_type=\"divider.default\">\n\t\t\t\t<div class=\"elementor-widget-container\">\n\t\t\t\t\t\t\t<div class=\"elementor-divider\">\n\t\t\t<span class=\"elementor-divider-separator\">\n\t\t\t\t\t\t<\/span>\n\t\t<\/div>\n\t\t\t\t\t\t<\/div>\n\t\t\t\t<\/div>\n\t\t\t\t<div class=\"elementor-element elementor-element-4626a61 elementor-widget elementor-widget-text-editor\" data-id=\"4626a61\" data-element_type=\"widget\" data-e-type=\"widget\" data-widget_type=\"text-editor.default\">\n\t\t\t\t<div class=\"elementor-widget-container\">\n\t\t\t\t\t\t\t\t\t<p>La tecnolog\u00eda que utilizamos para nuestros dise\u00f1os, programaci\u00f3n, simulaci\u00f3n y producci\u00f3n de herramientas rotacionalmente sim\u00e9tricas es <strong>Helictronic tool studio<\/strong>.<br \/>Es un software en simulaci\u00f3n en 3D integrada, con c\u00f3digos de distintos colores por cada fase y\/operaci\u00f3n que facilita la programaci\u00f3n de las herramientas. Flexibilidad total para el dise\u00f1o de herramientas especiales.<\/p>\t\t\t\t\t\t\t\t<\/div>\n\t\t\t\t<\/div>\n\t\t\t\t<\/div>\n\t\t<div class=\"elementor-element elementor-element-7908092 e-con-full e-flex elementor-invisible e-con e-child\" data-id=\"7908092\" data-element_type=\"container\" data-e-type=\"container\" data-settings=\"{&quot;animation&quot;:&quot;fadeIn&quot;,&quot;background_background&quot;:&quot;classic&quot;}\">\n\t\t\t\t<\/div>\n\t\t\t\t<\/div>\n\t\t<div class=\"elementor-element elementor-element-1be535f e-con-full e-flex e-con e-child\" data-id=\"1be535f\" data-element_type=\"container\" data-e-type=\"container\">\n\t\t<div class=\"elementor-element elementor-element-a38361b e-con-full e-flex elementor-invisible e-con e-child\" data-id=\"a38361b\" data-element_type=\"container\" data-e-type=\"container\" data-settings=\"{&quot;animation&quot;:&quot;fadeIn&quot;,&quot;background_background&quot;:&quot;classic&quot;}\">\n\t\t\t\t<\/div>\n\t\t<div class=\"elementor-element elementor-element-713a74e e-con-full e-flex e-con e-child\" data-id=\"713a74e\" data-element_type=\"container\" data-e-type=\"container\">\n\t\t\t\t<div class=\"elementor-element elementor-element-d5974f1 elementor-widget elementor-widget-heading\" data-id=\"d5974f1\" data-element_type=\"widget\" data-e-type=\"widget\" data-widget_type=\"heading.default\">\n\t\t\t\t<div class=\"elementor-widget-container\">\n\t\t\t\t\t<h2 class=\"elementor-heading-title elementor-size-default\">Control de calidad \u200b<\/h2>\t\t\t\t<\/div>\n\t\t\t\t<\/div>\n\t\t\t\t<div class=\"elementor-element elementor-element-2e510c8 elementor-widget-divider--view-line elementor-widget elementor-widget-divider\" data-id=\"2e510c8\" data-element_type=\"widget\" data-e-type=\"widget\" data-widget_type=\"divider.default\">\n\t\t\t\t<div class=\"elementor-widget-container\">\n\t\t\t\t\t\t\t<div class=\"elementor-divider\">\n\t\t\t<span class=\"elementor-divider-separator\">\n\t\t\t\t\t\t<\/span>\n\t\t<\/div>\n\t\t\t\t\t\t<\/div>\n\t\t\t\t<\/div>\n\t\t\t\t<div class=\"elementor-element elementor-element-ac190aa elementor-widget elementor-widget-text-editor\" data-id=\"ac190aa\" data-element_type=\"widget\" data-e-type=\"widget\" data-widget_type=\"text-editor.default\">\n\t\t\t\t<div class=\"elementor-widget-container\">\n\t\t\t\t\t\t\t\t\t<p>La calidad de nuestros productos es uno de los mayores compromisos. Con la ayuda del control CNC pone en marcha los cortes de las herramientas y ajusta su nitidez de forma autom\u00e1tica, incluso en caso de herramientas de varios cortes. Medici\u00f3n precisa\/exacta del \u00e1ngulo.<\/p>\t\t\t\t\t\t\t\t<\/div>\n\t\t\t\t<\/div>\n\t\t\t\t<\/div>\n\t\t\t\t<\/div>\n\t\t\t\t<\/div>\n\t\t<div class=\"elementor-element elementor-element-b4adca7 e-flex e-con-boxed e-con e-parent\" data-id=\"b4adca7\" data-element_type=\"container\" data-e-type=\"container\" data-settings=\"{&quot;background_background&quot;:&quot;classic&quot;}\">\n\t\t\t\t\t<div class=\"e-con-inner\">\n\t\t<div class=\"elementor-element elementor-element-0374b31 e-con-full e-flex e-con e-child\" data-id=\"0374b31\" data-element_type=\"container\" data-e-type=\"container\">\n\t\t\t\t<div class=\"elementor-element elementor-element-687cd9d elementor-widget elementor-widget-heading\" data-id=\"687cd9d\" data-element_type=\"widget\" data-e-type=\"widget\" data-widget_type=\"heading.default\">\n\t\t\t\t<div class=\"elementor-widget-container\">\n\t\t\t\t\t<h2 class=\"elementor-heading-title elementor-size-xxl\">En Afilbages S.L. creemos en la solidaridad:<\/h2>\t\t\t\t<\/div>\n\t\t\t\t<\/div>\n\t\t\t\t<div class=\"elementor-element elementor-element-823a7e8 elementor-invisible elementor-widget elementor-widget-text-editor\" data-id=\"823a7e8\" data-element_type=\"widget\" data-e-type=\"widget\" data-settings=\"{&quot;_animation&quot;:&quot;fadeIn&quot;,&quot;_animation_delay&quot;:300}\" data-widget_type=\"text-editor.default\">\n\t\t\t\t<div class=\"elementor-widget-container\">\n\t\t\t\t\t\t\t\t\t<p>Somos colaboradores solidarios y participamos en la propuesta del Hospital de Sant Joan de D\u00e9u y nos comprometemos socialmente ayudando a las personas m\u00e1s desfavorecidas.<\/p>\t\t\t\t\t\t\t\t<\/div>\n\t\t\t\t<\/div>\n\t\t\t\t<\/div>\n\t\t<div class=\"elementor-element elementor-element-53127fd e-con-full e-flex e-con e-child\" data-id=\"53127fd\" data-element_type=\"container\" data-e-type=\"container\">\n\t\t\t\t<div class=\"elementor-element elementor-element-be94f01 elementor-widget elementor-widget-image\" data-id=\"be94f01\" data-element_type=\"widget\" data-e-type=\"widget\" data-widget_type=\"image.default\">\n\t\t\t\t<div class=\"elementor-widget-container\">\n\t\t\t\t\t\t\t\t\t\t\t\t\t\t\t<img fetchpriority=\"high\" decoding=\"async\" width=\"652\" height=\"1024\" src=\"https:\/\/afilbages.com\/wp-content\/uploads\/2026\/04\/LOGO-DISTINTIU-SOM-SOLIDARIS-_-2026cat-652x1024.jpg\" class=\"attachment-large size-large wp-image-3536\" alt=\"\" srcset=\"https:\/\/afilbages.com\/wp-content\/uploads\/2026\/04\/LOGO-DISTINTIU-SOM-SOLIDARIS-_-2026cat-652x1024.jpg 652w, https:\/\/afilbages.com\/wp-content\/uploads\/2026\/04\/LOGO-DISTINTIU-SOM-SOLIDARIS-_-2026cat-191x300.jpg 191w, https:\/\/afilbages.com\/wp-content\/uploads\/2026\/04\/LOGO-DISTINTIU-SOM-SOLIDARIS-_-2026cat-768x1206.jpg 768w, https:\/\/afilbages.com\/wp-content\/uploads\/2026\/04\/LOGO-DISTINTIU-SOM-SOLIDARIS-_-2026cat.jpg 827w\" sizes=\"(max-width: 652px) 100vw, 652px\" \/>\t\t\t\t\t\t\t\t\t\t\t\t\t\t\t<\/div>\n\t\t\t\t<\/div>\n\t\t\t\t<\/div>\n\t\t\t\t\t<\/div>\n\t\t\t\t<\/div>\n\t\t\t\t<\/div>\n\t\t","protected":false},"excerpt":{"rendered":"<p>Nosotros En Afilbages S.L. marcamos la diferencia Afilbages\u00a0es una empresa especializada en la fabricaci\u00f3n y afilados de herramientas de corte. Disponemos de maquinaria de nivel tecnol\u00f3gico avanzado, para ofrecer un servicio de m\u00e1xima calidad y precisi\u00f3n en el menor tiempo. Este servicio no ser\u00eda posible sin el gran equipo de profesionales cualificados que forman nuestra [&hellip;]<\/p>\n","protected":false},"author":1,"featured_media":0,"parent":0,"menu_order":0,"comment_status":"closed","ping_status":"closed","template":"","meta":{"site-sidebar-layout":"no-sidebar","site-content-layout":"page-builder","ast-site-content-layout":"default","site-content-style":"default","site-sidebar-style":"default","ast-global-header-display":"","ast-banner-title-visibility":"","ast-main-header-display":"","ast-hfb-above-header-display":"","ast-hfb-below-header-display":"","ast-hfb-mobile-header-display":"","site-post-title":"disabled","ast-breadcrumbs-content":"disabled","ast-featured-img":"disabled","footer-sml-layout":"","ast-disable-related-posts":"","theme-transparent-header-meta":"enabled","adv-header-id-meta":"","stick-header-meta":"","header-above-stick-meta":"","header-main-stick-meta":"","header-below-stick-meta":"","astra-migrate-meta-layouts":"default","ast-page-background-enabled":"default","ast-page-background-meta":{"desktop":{"background-color":"","background-image":"","background-repeat":"repeat","background-position":"center center","background-size":"auto","background-attachment":"scroll","background-type":"","background-media":"","overlay-type":"","overlay-color":"","overlay-opacity":"","overlay-gradient":""},"tablet":{"background-color":"","background-image":"","background-repeat":"repeat","background-position":"center center","background-size":"auto","background-attachment":"scroll","background-type":"","background-media":"","overlay-type":"","overlay-color":"","overlay-opacity":"","overlay-gradient":""},"mobile":{"background-color":"","background-image":"","background-repeat":"repeat","background-position":"center center","background-size":"auto","background-attachment":"scroll","background-type":"","background-media":"","overlay-type":"","overlay-color":"","overlay-opacity":"","overlay-gradient":""}},"ast-content-background-meta":{"desktop":{"background-color":"var(--ast-global-color-5)","background-image":"","background-repeat":"repeat","background-position":"center center","background-size":"auto","background-attachment":"scroll","background-type":"","background-media":"","overlay-type":"","overlay-color":"","overlay-opacity":"","overlay-gradient":""},"tablet":{"background-color":"var(--ast-global-color-5)","background-image":"","background-repeat":"repeat","background-position":"center center","background-size":"auto","background-attachment":"scroll","background-type":"","background-media":"","overlay-type":"","overlay-color":"","overlay-opacity":"","overlay-gradient":""},"mobile":{"background-color":"var(--ast-global-color-5)","background-image":"","background-repeat":"repeat","background-position":"center center","background-size":"auto","background-attachment":"scroll","background-type":"","background-media":"","overlay-type":"","overlay-color":"","overlay-opacity":"","overlay-gradient":""}},"footnotes":""},"class_list":["post-328","page","type-page","status-publish","hentry"],"yoast_head":"<!-- This site is optimized with the Yoast SEO plugin v27.4 - https:\/\/yoast.com\/product\/yoast-seo-wordpress\/ -->\n<title>Nosotros - Afilbages | Esmolats Industrials<\/title>\n<meta name=\"robots\" content=\"index, follow, max-snippet:-1, max-image-preview:large, max-video-preview:-1\" \/>\n<link rel=\"canonical\" href=\"https:\/\/afilbages.com\/es\/nosotros\/\" \/>\n<meta property=\"og:locale\" content=\"es_ES\" \/>\n<meta property=\"og:type\" content=\"article\" \/>\n<meta property=\"og:title\" content=\"Nosotros - Afilbages | Esmolats Industrials\" \/>\n<meta property=\"og:description\" content=\"Nosotros En Afilbages S.L. marcamos la diferencia Afilbages\u00a0es una empresa especializada en la fabricaci\u00f3n y afilados de herramientas de corte. Disponemos de maquinaria de nivel tecnol\u00f3gico avanzado, para ofrecer un servicio de m\u00e1xima calidad y precisi\u00f3n en el menor tiempo. Este servicio no ser\u00eda posible sin el gran equipo de profesionales cualificados que forman nuestra [&hellip;]\" \/>\n<meta property=\"og:url\" content=\"https:\/\/afilbages.com\/es\/nosotros\/\" \/>\n<meta property=\"og:site_name\" content=\"Afilbages | Esmolats Industrials\" \/>\n<meta property=\"article:modified_time\" content=\"2026-04-08T14:25:19+00:00\" \/>\n<meta property=\"og:image\" content=\"https:\/\/afilbages.com\/wp-content\/uploads\/2026\/04\/LOGO-DISTINTIU-SOM-SOLIDARIS-_-2026cat.jpg\" \/>\n\t<meta property=\"og:image:width\" content=\"827\" \/>\n\t<meta property=\"og:image:height\" content=\"1299\" \/>\n\t<meta property=\"og:image:type\" content=\"image\/jpeg\" \/>\n<meta name=\"twitter:card\" content=\"summary_large_image\" \/>\n<meta name=\"twitter:label1\" content=\"Est. reading time\" \/>\n\t<meta name=\"twitter:data1\" content=\"2 minutes\" \/>\n<script type=\"application\/ld+json\" class=\"yoast-schema-graph\">{\"@context\":\"https:\\\/\\\/schema.org\",\"@graph\":[{\"@type\":\"WebPage\",\"@id\":\"https:\\\/\\\/afilbages.com\\\/es\\\/nosotros\\\/\",\"url\":\"https:\\\/\\\/afilbages.com\\\/es\\\/nosotros\\\/\",\"name\":\"Nosotros - Afilbages | Esmolats Industrials\",\"isPartOf\":{\"@id\":\"https:\\\/\\\/afilbages.com\\\/#website\"},\"primaryImageOfPage\":{\"@id\":\"https:\\\/\\\/afilbages.com\\\/es\\\/nosotros\\\/#primaryimage\"},\"image\":{\"@id\":\"https:\\\/\\\/afilbages.com\\\/es\\\/nosotros\\\/#primaryimage\"},\"thumbnailUrl\":\"https:\\\/\\\/afilbages.com\\\/wp-content\\\/uploads\\\/2026\\\/04\\\/LOGO-DISTINTIU-SOM-SOLIDARIS-_-2026cat-652x1024.jpg\",\"datePublished\":\"2021-05-08T10:58:23+00:00\",\"dateModified\":\"2026-04-08T14:25:19+00:00\",\"breadcrumb\":{\"@id\":\"https:\\\/\\\/afilbages.com\\\/es\\\/nosotros\\\/#breadcrumb\"},\"inLanguage\":\"ES\",\"potentialAction\":[{\"@type\":\"ReadAction\",\"target\":[\"https:\\\/\\\/afilbages.com\\\/es\\\/nosotros\\\/\"]}]},{\"@type\":\"ImageObject\",\"inLanguage\":\"ES\",\"@id\":\"https:\\\/\\\/afilbages.com\\\/es\\\/nosotros\\\/#primaryimage\",\"url\":\"https:\\\/\\\/afilbages.com\\\/wp-content\\\/uploads\\\/2026\\\/04\\\/LOGO-DISTINTIU-SOM-SOLIDARIS-_-2026cat-652x1024.jpg\",\"contentUrl\":\"https:\\\/\\\/afilbages.com\\\/wp-content\\\/uploads\\\/2026\\\/04\\\/LOGO-DISTINTIU-SOM-SOLIDARIS-_-2026cat-652x1024.jpg\"},{\"@type\":\"BreadcrumbList\",\"@id\":\"https:\\\/\\\/afilbages.com\\\/es\\\/nosotros\\\/#breadcrumb\",\"itemListElement\":[{\"@type\":\"ListItem\",\"position\":1,\"name\":\"Home\",\"item\":\"https:\\\/\\\/afilbages.com\\\/\"},{\"@type\":\"ListItem\",\"position\":2,\"name\":\"Nosotros\"}]},{\"@type\":\"WebSite\",\"@id\":\"https:\\\/\\\/afilbages.com\\\/#website\",\"url\":\"https:\\\/\\\/afilbages.com\\\/\",\"name\":\"Afilbages | Esmolats Industrials\",\"description\":\"Your Trusted Security Services\",\"publisher\":{\"@id\":\"https:\\\/\\\/afilbages.com\\\/#organization\"},\"potentialAction\":[{\"@type\":\"SearchAction\",\"target\":{\"@type\":\"EntryPoint\",\"urlTemplate\":\"https:\\\/\\\/afilbages.com\\\/?s={search_term_string}\"},\"query-input\":{\"@type\":\"PropertyValueSpecification\",\"valueRequired\":true,\"valueName\":\"search_term_string\"}}],\"inLanguage\":\"ES\"},{\"@type\":\"Organization\",\"@id\":\"https:\\\/\\\/afilbages.com\\\/#organization\",\"name\":\"Afilbages | Esmolats Industrials\",\"url\":\"https:\\\/\\\/afilbages.com\\\/\",\"logo\":{\"@type\":\"ImageObject\",\"inLanguage\":\"ES\",\"@id\":\"https:\\\/\\\/afilbages.com\\\/#\\\/schema\\\/logo\\\/image\\\/\",\"url\":\"https:\\\/\\\/afilbages.com\\\/wp-content\\\/uploads\\\/2023\\\/06\\\/afilbages-header.png\",\"contentUrl\":\"https:\\\/\\\/afilbages.com\\\/wp-content\\\/uploads\\\/2023\\\/06\\\/afilbages-header.png\",\"width\":670,\"height\":136,\"caption\":\"Afilbages | Esmolats Industrials\"},\"image\":{\"@id\":\"https:\\\/\\\/afilbages.com\\\/#\\\/schema\\\/logo\\\/image\\\/\"}}]}<\/script>\n<!-- \/ Yoast SEO plugin. -->","yoast_head_json":{"title":"Nosotros - Afilbages | Esmolats Industrials","robots":{"index":"index","follow":"follow","max-snippet":"max-snippet:-1","max-image-preview":"max-image-preview:large","max-video-preview":"max-video-preview:-1"},"canonical":"https:\/\/afilbages.com\/es\/nosotros\/","og_locale":"es_ES","og_type":"article","og_title":"Nosotros - Afilbages | Esmolats Industrials","og_description":"Nosotros En Afilbages S.L. marcamos la diferencia Afilbages\u00a0es una empresa especializada en la fabricaci\u00f3n y afilados de herramientas de corte. Disponemos de maquinaria de nivel tecnol\u00f3gico avanzado, para ofrecer un servicio de m\u00e1xima calidad y precisi\u00f3n en el menor tiempo. Este servicio no ser\u00eda posible sin el gran equipo de profesionales cualificados que forman nuestra [&hellip;]","og_url":"https:\/\/afilbages.com\/es\/nosotros\/","og_site_name":"Afilbages | Esmolats Industrials","article_modified_time":"2026-04-08T14:25:19+00:00","og_image":[{"width":827,"height":1299,"url":"https:\/\/afilbages.com\/wp-content\/uploads\/2026\/04\/LOGO-DISTINTIU-SOM-SOLIDARIS-_-2026cat.jpg","type":"image\/jpeg"}],"twitter_card":"summary_large_image","twitter_misc":{"Est. reading time":"2 minutes"},"schema":{"@context":"https:\/\/schema.org","@graph":[{"@type":"WebPage","@id":"https:\/\/afilbages.com\/es\/nosotros\/","url":"https:\/\/afilbages.com\/es\/nosotros\/","name":"Nosotros - Afilbages | Esmolats Industrials","isPartOf":{"@id":"https:\/\/afilbages.com\/#website"},"primaryImageOfPage":{"@id":"https:\/\/afilbages.com\/es\/nosotros\/#primaryimage"},"image":{"@id":"https:\/\/afilbages.com\/es\/nosotros\/#primaryimage"},"thumbnailUrl":"https:\/\/afilbages.com\/wp-content\/uploads\/2026\/04\/LOGO-DISTINTIU-SOM-SOLIDARIS-_-2026cat-652x1024.jpg","datePublished":"2021-05-08T10:58:23+00:00","dateModified":"2026-04-08T14:25:19+00:00","breadcrumb":{"@id":"https:\/\/afilbages.com\/es\/nosotros\/#breadcrumb"},"inLanguage":"ES","potentialAction":[{"@type":"ReadAction","target":["https:\/\/afilbages.com\/es\/nosotros\/"]}]},{"@type":"ImageObject","inLanguage":"ES","@id":"https:\/\/afilbages.com\/es\/nosotros\/#primaryimage","url":"https:\/\/afilbages.com\/wp-content\/uploads\/2026\/04\/LOGO-DISTINTIU-SOM-SOLIDARIS-_-2026cat-652x1024.jpg","contentUrl":"https:\/\/afilbages.com\/wp-content\/uploads\/2026\/04\/LOGO-DISTINTIU-SOM-SOLIDARIS-_-2026cat-652x1024.jpg"},{"@type":"BreadcrumbList","@id":"https:\/\/afilbages.com\/es\/nosotros\/#breadcrumb","itemListElement":[{"@type":"ListItem","position":1,"name":"Home","item":"https:\/\/afilbages.com\/"},{"@type":"ListItem","position":2,"name":"Nosotros"}]},{"@type":"WebSite","@id":"https:\/\/afilbages.com\/#website","url":"https:\/\/afilbages.com\/","name":"Afilbages | Esmolats Industrials","description":"Your Trusted Security Services","publisher":{"@id":"https:\/\/afilbages.com\/#organization"},"potentialAction":[{"@type":"SearchAction","target":{"@type":"EntryPoint","urlTemplate":"https:\/\/afilbages.com\/?s={search_term_string}"},"query-input":{"@type":"PropertyValueSpecification","valueRequired":true,"valueName":"search_term_string"}}],"inLanguage":"ES"},{"@type":"Organization","@id":"https:\/\/afilbages.com\/#organization","name":"Afilbages | Esmolats Industrials","url":"https:\/\/afilbages.com\/","logo":{"@type":"ImageObject","inLanguage":"ES","@id":"https:\/\/afilbages.com\/#\/schema\/logo\/image\/","url":"https:\/\/afilbages.com\/wp-content\/uploads\/2023\/06\/afilbages-header.png","contentUrl":"https:\/\/afilbages.com\/wp-content\/uploads\/2023\/06\/afilbages-header.png","width":670,"height":136,"caption":"Afilbages | Esmolats Industrials"},"image":{"@id":"https:\/\/afilbages.com\/#\/schema\/logo\/image\/"}}]}},"_links":{"self":[{"href":"https:\/\/afilbages.com\/es\/wp-json\/wp\/v2\/pages\/328","targetHints":{"allow":["GET"]}}],"collection":[{"href":"https:\/\/afilbages.com\/es\/wp-json\/wp\/v2\/pages"}],"about":[{"href":"https:\/\/afilbages.com\/es\/wp-json\/wp\/v2\/types\/page"}],"author":[{"embeddable":true,"href":"https:\/\/afilbages.com\/es\/wp-json\/wp\/v2\/users\/1"}],"replies":[{"embeddable":true,"href":"https:\/\/afilbages.com\/es\/wp-json\/wp\/v2\/comments?post=328"}],"version-history":[{"count":314,"href":"https:\/\/afilbages.com\/es\/wp-json\/wp\/v2\/pages\/328\/revisions"}],"predecessor-version":[{"id":3548,"href":"https:\/\/afilbages.com\/es\/wp-json\/wp\/v2\/pages\/328\/revisions\/3548"}],"wp:attachment":[{"href":"https:\/\/afilbages.com\/es\/wp-json\/wp\/v2\/media?parent=328"}],"curies":[{"name":"wp","href":"https:\/\/api.w.org\/{rel}","templated":true}]}}